{"id":34636,"date":"2023-08-21T13:58:45","date_gmt":"2023-08-21T11:58:45","guid":{"rendered":"https:\/\/fbmache.fr\/links-and-contact\/"},"modified":"2023-11-21T13:55:40","modified_gmt":"2023-11-21T12:55:40","slug":"links-and-contact","status":"publish","type":"page","link":"https:\/\/fbmache.fr\/en\/links-and-contact\/","title":{"rendered":"Links and contact"},"content":{"rendered":"<p style=\"text-align: center; margin-top: 1em;\">Below are some links to pages dedicated to Fran\u00e7ois-Bernard M\u00e2che on the websites of various institutions.<\/p>\n<div class=\"links-row\">\n<div class=\"col-lg-3\"><a href=\"https:\/\/www.academiedesbeauxarts.fr\/francois-bernard-mache\" target=\"_blank\" rel=\"noopener\"><img loading=\"lazy\" decoding=\"async\" width=\"221\" height=\"85\" class=\"alignnone size-full wp-image-30346\" src=\"https:\/\/fbmache.fr\/wp-content\/uploads\/2023\/08\/613f2be4b47b9040cb65ff01_Academie-des-beaux-arts-resized.png\" alt=\"\" \/>Acad\u00e9mie des beaux-arts<\/a><\/div>\n<div class=\"col-lg-3\"><a href=\"https:\/\/brahms.ircam.fr\/fr\/francois-bernard-mache\" target=\"_blank&quot;\" rel=\"noopener\"><img decoding=\"async\" class=\"alignnone size-full wp-image-30342\" src=\"https:\/\/fbmache.fr\/wp-content\/uploads\/2023\/08\/ircam-1.png\" alt=\"\" \/>Brahms<\/a><\/div>\n<div class=\"col-lg-3\"><a href=\"https:\/\/mediatheque.cnsmdp.fr\/\" target=\"_blank&quot;\" rel=\"noopener\"><img loading=\"lazy\" decoding=\"async\" width=\"259\" height=\"94\" class=\"alignnone size-full wp-image-30344\" src=\"https:\/\/fbmache.fr\/wp-content\/uploads\/2023\/08\/cnsmdp.png\" alt=\"\" \/>m\u00e9diath\u00e8que du CNSMDP<\/a><\/div>\n<div class=\"col-lg-3\"><a href=\"https:\/\/fr.wikipedia.org\/wiki\/Fran%C3%A7ois-Bernard_M%C3%A2che\" target=\"_blank&quot;\" rel=\"noopener\"><img loading=\"lazy\" decoding=\"async\" width=\"123\" height=\"118\" class=\"alignnone size-full wp-image-30340\" src=\"https:\/\/fbmache.fr\/wp-content\/uploads\/2023\/08\/Logo-Wikipedia.png\" alt=\"\" \/>Wikip\u00e9dia<\/a><\/div>\n<div class=\"col-lg-3\"><a href=\"https:\/\/entretiens.ina.fr\/musiques-m%C3%A9moires\/Mache\/francois-bernard-mache\/oeuvres\" target=\"_blank&quot;\" rel=\"noopener\"><img loading=\"lazy\" decoding=\"async\" src=\"https:\/\/fbmache.fr\/wp-content\/uploads\/2023\/09\/Logo_INA.svg_.png\" alt=\"\" width=\"240\" height=\"240\" class=\"alignleft size-full wp-image-33279\" srcset=\"https:\/\/fbmache.fr\/wp-content\/uploads\/2023\/09\/Logo_INA.svg_.png 240w, https:\/\/fbmache.fr\/wp-content\/uploads\/2023\/09\/Logo_INA.svg_-150x150.png 150w\" sizes=\"auto, (max-width: 240px) 100vw, 240px\" \/>INA<\/a><\/div>\n<div class=\"col-lg-3\"><a href=\"http:\/\/www.cnsmd-lyon.fr\/\" target=\"_blank&quot;\" rel=\"noopener\"><img loading=\"lazy\" decoding=\"async\" src=\"https:\/\/fbmache.fr\/wp-content\/uploads\/2023\/09\/LogoCNSMDL.png\" alt=\"\" width=\"320\" height=\"163\" class=\"alignleft size-full wp-image-33282\" srcset=\"https:\/\/fbmache.fr\/wp-content\/uploads\/2023\/09\/LogoCNSMDL.png 320w, https:\/\/fbmache.fr\/wp-content\/uploads\/2023\/09\/LogoCNSMDL-300x153.png 300w\" sizes=\"auto, (max-width: 320px) 100vw, 320px\" \/>CNSMD de Lyon<\/a><\/div>\n<\/div>\n<p>&nbsp;<br \/>\n&nbsp;<br \/>\n&nbsp;<br \/>\n<center><\/p>\n<h2>Contact<\/h2>\n<p><\/center><\/p>\n<p style=\"text-align: center; margin: 0.5em auto 1em;\">To contact Fran\u00e7ois-Bernard M\u00e2che, please use this form.<\/p>\n\n<div class=\"wpcf7 no-js\" id=\"wpcf7-f34641-o1\" lang=\"fr-FR\" dir=\"ltr\">\n<div class=\"screen-reader-response\"><p role=\"status\" aria-live=\"polite\" aria-atomic=\"true\"><\/p> <ul><\/ul><\/div>\n<form action=\"\/en\/wp-json\/wp\/v2\/pages\/34636#wpcf7-f34641-o1\" method=\"post\" class=\"wpcf7-form init\" aria-label=\"Formulaire de contact\" novalidate=\"novalidate\" data-status=\"init\">\n<div style=\"display: none;\">\n<input type=\"hidden\" name=\"_wpcf7\" value=\"34641\" \/>\n<input type=\"hidden\" name=\"_wpcf7_version\" value=\"5.8.4\" \/>\n<input type=\"hidden\" name=\"_wpcf7_locale\" value=\"fr_FR\" \/>\n<input type=\"hidden\" name=\"_wpcf7_unit_tag\" value=\"wpcf7-f34641-o1\" \/>\n<input type=\"hidden\" name=\"_wpcf7_container_post\" value=\"0\" \/>\n<input type=\"hidden\" name=\"_wpcf7_posted_data_hash\" value=\"\" \/>\n<\/div>\n<p><label>Your name<br \/>\n<span class=\"wpcf7-form-control-wrap\" data-name=\"your-name\"><input size=\"40\" class=\"wpcf7-form-control wpcf7-text wpcf7-validates-as-required\" autocomplete=\"name\" aria-required=\"true\" aria-invalid=\"false\" value=\"\" type=\"text\" name=\"your-name\" \/><\/span> <\/label>\n<\/p>\n<p><label>Your email<br \/>\n<span class=\"wpcf7-form-control-wrap\" data-name=\"your-email\"><input size=\"40\" class=\"wpcf7-form-control wpcf7-email wpcf7-validates-as-required wpcf7-text wpcf7-validates-as-email\" autocomplete=\"email\" aria-required=\"true\" aria-invalid=\"false\" value=\"\" type=\"email\" name=\"your-email\" \/><\/span> <\/label>\n<\/p>\n<p><label>Subject<br \/>\n<span class=\"wpcf7-form-control-wrap\" data-name=\"your-subject\"><input size=\"40\" class=\"wpcf7-form-control wpcf7-text wpcf7-validates-as-required\" aria-required=\"true\" aria-invalid=\"false\" value=\"\" type=\"text\" name=\"your-subject\" \/><\/span> <\/label>\n<\/p>\n<p><label>Your message<br \/>\n<span class=\"wpcf7-form-control-wrap\" data-name=\"your-message\"><textarea cols=\"40\" rows=\"10\" class=\"wpcf7-form-control wpcf7-textarea\" aria-invalid=\"false\" name=\"your-message\"><\/textarea><\/span> <\/label>\n<\/p>\n<p><input class=\"wpcf7-form-control wpcf7-submit has-spinner\" type=\"submit\" value=\"Send\" \/>\n<\/p><div class=\"wpcf7-response-output\" aria-hidden=\"true\"><\/div>\n<\/form>\n<\/div>\n\n","protected":false},"excerpt":{"rendered":"<p>Below are some links to pages dedicated to Fran\u00e7ois-Bernard M\u00e2che on the websites of various institutions. Acad\u00e9mie des beaux-arts Brahms m\u00e9diath\u00e8que du CNSMDP Wikip\u00e9dia INA CNSMD de Lyon &nbsp; &nbsp; &nbsp; Contact To contact Fran\u00e7ois-Bernard M\u00e2che, please use this form.<\/p>\n","protected":false},"author":1,"featured_media":28938,"parent":0,"menu_order":0,"comment_status":"closed","ping_status":"closed","template":"","meta":{"footnotes":""},"class_list":["post-34636","page","type-page","status-publish","has-post-thumbnail","hentry","entry"],"yoast_head":"<!-- This site is optimized with the Yoast SEO plugin v21.7 - https:\/\/yoast.com\/wordpress\/plugins\/seo\/ -->\n<title>Links and contact - Fran\u00e7ois-Bernard M\u00e2che<\/title>\n<meta name=\"robots\" content=\"index, follow, max-snippet:-1, max-image-preview:large, max-video-preview:-1\" \/>\n<link rel=\"canonical\" href=\"https:\/\/fbmache.fr\/en\/links-and-contact\/\" \/>\n<meta property=\"og:locale\" content=\"en_US\" \/>\n<meta property=\"og:type\" content=\"article\" \/>\n<meta property=\"og:title\" content=\"Links and contact - Fran\u00e7ois-Bernard M\u00e2che\" \/>\n<meta property=\"og:description\" content=\"Below are some links to pages dedicated to Fran\u00e7ois-Bernard M\u00e2che on the websites of various institutions. Acad\u00e9mie des beaux-arts Brahms m\u00e9diath\u00e8que du CNSMDP Wikip\u00e9dia INA CNSMD de Lyon &nbsp; &nbsp; &nbsp; Contact To contact Fran\u00e7ois-Bernard M\u00e2che, please use this form.\" \/>\n<meta property=\"og:url\" content=\"https:\/\/fbmache.fr\/en\/links-and-contact\/\" \/>\n<meta property=\"og:site_name\" content=\"Fran\u00e7ois-Bernard M\u00e2che\" \/>\n<meta property=\"article:modified_time\" content=\"2023-11-21T12:55:40+00:00\" \/>\n<meta property=\"og:image\" content=\"https:\/\/fbmache.fr\/wp-content\/uploads\/2023\/07\/header-catalogue.jpg\" \/>\n\t<meta property=\"og:image:width\" content=\"1920\" \/>\n\t<meta property=\"og:image:height\" content=\"140\" \/>\n\t<meta property=\"og:image:type\" content=\"image\/jpeg\" \/>\n<meta name=\"twitter:card\" content=\"summary_large_image\" \/>\n<script type=\"application\/ld+json\" class=\"yoast-schema-graph\">{\"@context\":\"https:\/\/schema.org\",\"@graph\":[{\"@type\":\"WebPage\",\"@id\":\"https:\/\/fbmache.fr\/en\/links-and-contact\/\",\"url\":\"https:\/\/fbmache.fr\/en\/links-and-contact\/\",\"name\":\"Links and contact - Fran\u00e7ois-Bernard M\u00e2che\",\"isPartOf\":{\"@id\":\"https:\/\/fbmache.fr\/#website\"},\"datePublished\":\"2023-08-21T11:58:45+00:00\",\"dateModified\":\"2023-11-21T12:55:40+00:00\",\"breadcrumb\":{\"@id\":\"https:\/\/fbmache.fr\/en\/links-and-contact\/#breadcrumb\"},\"inLanguage\":\"en-US\",\"potentialAction\":[{\"@type\":\"ReadAction\",\"target\":[\"https:\/\/fbmache.fr\/en\/links-and-contact\/\"]}]},{\"@type\":\"BreadcrumbList\",\"@id\":\"https:\/\/fbmache.fr\/en\/links-and-contact\/#breadcrumb\",\"itemListElement\":[{\"@type\":\"ListItem\",\"position\":1,\"name\":\"Accueil\",\"item\":\"https:\/\/fbmache.fr\/en\/\"},{\"@type\":\"ListItem\",\"position\":2,\"name\":\"Links and contact\"}]},{\"@type\":\"WebSite\",\"@id\":\"https:\/\/fbmache.fr\/#website\",\"url\":\"https:\/\/fbmache.fr\/\",\"name\":\"Fran\u00e7ois-Bernard M\u00e2che - site officiel du compositeur de musique contemporaine\",\"description\":\"\",\"publisher\":{\"@id\":\"https:\/\/fbmache.fr\/#\/schema\/person\/68ee9f72b8511e7d85ca0647a8eafb3b\"},\"alternateName\":\"Site officiel de Fran\u00e7ois-Bernard M\u00e2che, compositeur de musique contemporaine\",\"potentialAction\":[{\"@type\":\"SearchAction\",\"target\":{\"@type\":\"EntryPoint\",\"urlTemplate\":\"https:\/\/fbmache.fr\/?s={search_term_string}\"},\"query-input\":\"required name=search_term_string\"}],\"inLanguage\":\"en-US\"},{\"@type\":[\"Person\",\"Organization\"],\"@id\":\"https:\/\/fbmache.fr\/#\/schema\/person\/68ee9f72b8511e7d85ca0647a8eafb3b\",\"name\":\"Fran\u00e7ois-Bernard M\u00e2che\",\"image\":{\"@type\":\"ImageObject\",\"inLanguage\":\"en-US\",\"@id\":\"https:\/\/fbmache.fr\/#\/schema\/person\/image\/\",\"url\":\"https:\/\/fbmache.fr\/wp-content\/uploads\/2023\/07\/fbm-logo.png\",\"contentUrl\":\"https:\/\/fbmache.fr\/wp-content\/uploads\/2023\/07\/fbm-logo.png\",\"width\":173,\"height\":80,\"caption\":\"Fran\u00e7ois-Bernard M\u00e2che\"},\"logo\":{\"@id\":\"https:\/\/fbmache.fr\/#\/schema\/person\/image\/\"}}]}<\/script>\n<!-- \/ Yoast SEO plugin. -->","yoast_head_json":{"title":"Links and contact - Fran\u00e7ois-Bernard M\u00e2che","robots":{"index":"index","follow":"follow","max-snippet":"max-snippet:-1","max-image-preview":"max-image-preview:large","max-video-preview":"max-video-preview:-1"},"canonical":"https:\/\/fbmache.fr\/en\/links-and-contact\/","og_locale":"en_US","og_type":"article","og_title":"Links and contact - Fran\u00e7ois-Bernard M\u00e2che","og_description":"Below are some links to pages dedicated to Fran\u00e7ois-Bernard M\u00e2che on the websites of various institutions. Acad\u00e9mie des beaux-arts Brahms m\u00e9diath\u00e8que du CNSMDP Wikip\u00e9dia INA CNSMD de Lyon &nbsp; &nbsp; &nbsp; Contact To contact Fran\u00e7ois-Bernard M\u00e2che, please use this form.","og_url":"https:\/\/fbmache.fr\/en\/links-and-contact\/","og_site_name":"Fran\u00e7ois-Bernard M\u00e2che","article_modified_time":"2023-11-21T12:55:40+00:00","og_image":[{"width":1920,"height":140,"url":"https:\/\/fbmache.fr\/wp-content\/uploads\/2023\/07\/header-catalogue.jpg","type":"image\/jpeg"}],"twitter_card":"summary_large_image","schema":{"@context":"https:\/\/schema.org","@graph":[{"@type":"WebPage","@id":"https:\/\/fbmache.fr\/en\/links-and-contact\/","url":"https:\/\/fbmache.fr\/en\/links-and-contact\/","name":"Links and contact - Fran\u00e7ois-Bernard M\u00e2che","isPartOf":{"@id":"https:\/\/fbmache.fr\/#website"},"datePublished":"2023-08-21T11:58:45+00:00","dateModified":"2023-11-21T12:55:40+00:00","breadcrumb":{"@id":"https:\/\/fbmache.fr\/en\/links-and-contact\/#breadcrumb"},"inLanguage":"en-US","potentialAction":[{"@type":"ReadAction","target":["https:\/\/fbmache.fr\/en\/links-and-contact\/"]}]},{"@type":"BreadcrumbList","@id":"https:\/\/fbmache.fr\/en\/links-and-contact\/#breadcrumb","itemListElement":[{"@type":"ListItem","position":1,"name":"Accueil","item":"https:\/\/fbmache.fr\/en\/"},{"@type":"ListItem","position":2,"name":"Links and contact"}]},{"@type":"WebSite","@id":"https:\/\/fbmache.fr\/#website","url":"https:\/\/fbmache.fr\/","name":"Fran\u00e7ois-Bernard M\u00e2che - site officiel du compositeur de musique contemporaine","description":"","publisher":{"@id":"https:\/\/fbmache.fr\/#\/schema\/person\/68ee9f72b8511e7d85ca0647a8eafb3b"},"alternateName":"Site officiel de Fran\u00e7ois-Bernard M\u00e2che, compositeur de musique contemporaine","potentialAction":[{"@type":"SearchAction","target":{"@type":"EntryPoint","urlTemplate":"https:\/\/fbmache.fr\/?s={search_term_string}"},"query-input":"required name=search_term_string"}],"inLanguage":"en-US"},{"@type":["Person","Organization"],"@id":"https:\/\/fbmache.fr\/#\/schema\/person\/68ee9f72b8511e7d85ca0647a8eafb3b","name":"Fran\u00e7ois-Bernard M\u00e2che","image":{"@type":"ImageObject","inLanguage":"en-US","@id":"https:\/\/fbmache.fr\/#\/schema\/person\/image\/","url":"https:\/\/fbmache.fr\/wp-content\/uploads\/2023\/07\/fbm-logo.png","contentUrl":"https:\/\/fbmache.fr\/wp-content\/uploads\/2023\/07\/fbm-logo.png","width":173,"height":80,"caption":"Fran\u00e7ois-Bernard M\u00e2che"},"logo":{"@id":"https:\/\/fbmache.fr\/#\/schema\/person\/image\/"}}]}},"_links":{"self":[{"href":"https:\/\/fbmache.fr\/en\/wp-json\/wp\/v2\/pages\/34636","targetHints":{"allow":["GET"]}}],"collection":[{"href":"https:\/\/fbmache.fr\/en\/wp-json\/wp\/v2\/pages"}],"about":[{"href":"https:\/\/fbmache.fr\/en\/wp-json\/wp\/v2\/types\/page"}],"author":[{"embeddable":true,"href":"https:\/\/fbmache.fr\/en\/wp-json\/wp\/v2\/users\/1"}],"replies":[{"embeddable":true,"href":"https:\/\/fbmache.fr\/en\/wp-json\/wp\/v2\/comments?post=34636"}],"version-history":[{"count":2,"href":"https:\/\/fbmache.fr\/en\/wp-json\/wp\/v2\/pages\/34636\/revisions"}],"predecessor-version":[{"id":34642,"href":"https:\/\/fbmache.fr\/en\/wp-json\/wp\/v2\/pages\/34636\/revisions\/34642"}],"wp:featuredmedia":[{"embeddable":true,"href":"https:\/\/fbmache.fr\/en\/wp-json\/wp\/v2\/media\/28938"}],"wp:attachment":[{"href":"https:\/\/fbmache.fr\/en\/wp-json\/wp\/v2\/media?parent=34636"}],"curies":[{"name":"wp","href":"https:\/\/api.w.org\/{rel}","templated":true}]}}