{"id":28906,"date":"2017-02-16T09:13:19","date_gmt":"2017-02-16T08:13:19","guid":{"rendered":"https:\/\/fbmache.fr\/home\/"},"modified":"2023-12-27T13:53:00","modified_gmt":"2023-12-27T12:53:00","slug":"home","status":"publish","type":"page","link":"https:\/\/fbmache.fr\/en\/","title":{"rendered":"Home"},"content":{"rendered":"<p>This site offers a vast and partly unpublished documentation on a French composer whose approach, a distant heir to that of Debussy, Var\u00e8se and Messiaen, is highly personal. It has opened doors to themes that are once again topical: nature, languages, contacts between cultures, between acoustics and computer science, and to the power of mythical dimensions.<\/p>\n","protected":false},"excerpt":{"rendered":"<p>This site offers a vast and partly unpublished documentation on a French composer whose approach, a distant heir to that of Debussy, Var\u00e8se and Messiaen, is highly personal. It has opened doors to themes that are once again topical: nature, languages, contacts between cultures, between acoustics and computer science, and to the power of mythical&hellip; <a class=\"more-link\" href=\"https:\/\/fbmache.fr\/en\/\">Continue reading <span class=\"screen-reader-text\">Home<\/span><\/a><\/p>\n","protected":false},"author":1,"featured_media":0,"parent":0,"menu_order":0,"comment_status":"closed","ping_status":"closed","template":"","meta":{"footnotes":""},"class_list":["post-28906","page","type-page","status-publish","hentry","entry"],"yoast_head":"<!-- This site is optimized with the Yoast SEO plugin v21.7 - https:\/\/yoast.com\/wordpress\/plugins\/seo\/ -->\n<title>Home - Fran\u00e7ois-Bernard M\u00e2che<\/title>\n<meta name=\"description\" content=\"This site proposes a vast and partly unpublished documentation about hte French composer Fran\u00e7ois-Bernard M\u00e2che.\" \/>\n<meta name=\"robots\" content=\"index, follow, max-snippet:-1, max-image-preview:large, max-video-preview:-1\" \/>\n<link rel=\"canonical\" href=\"https:\/\/fbmache.fr\/en\/\" \/>\n<meta property=\"og:locale\" content=\"en_US\" \/>\n<meta property=\"og:type\" content=\"article\" \/>\n<meta property=\"og:title\" content=\"Home - Fran\u00e7ois-Bernard M\u00e2che\" \/>\n<meta property=\"og:description\" content=\"This site proposes a vast and partly unpublished documentation about hte French composer Fran\u00e7ois-Bernard M\u00e2che.\" \/>\n<meta property=\"og:url\" content=\"https:\/\/fbmache.fr\/en\/\" \/>\n<meta property=\"og:site_name\" content=\"Fran\u00e7ois-Bernard M\u00e2che\" \/>\n<meta property=\"article:modified_time\" content=\"2023-12-27T12:53:00+00:00\" \/>\n<meta name=\"twitter:card\" content=\"summary_large_image\" \/>\n<script type=\"application\/ld+json\" class=\"yoast-schema-graph\">{\"@context\":\"https:\/\/schema.org\",\"@graph\":[{\"@type\":\"WebPage\",\"@id\":\"https:\/\/fbmache.fr\/en\/\",\"url\":\"https:\/\/fbmache.fr\/en\/\",\"name\":\"Home - Fran\u00e7ois-Bernard M\u00e2che\",\"isPartOf\":{\"@id\":\"https:\/\/fbmache.fr\/#website\"},\"datePublished\":\"2017-02-16T08:13:19+00:00\",\"dateModified\":\"2023-12-27T12:53:00+00:00\",\"description\":\"This site proposes a vast and partly unpublished documentation about hte French composer Fran\u00e7ois-Bernard M\u00e2che.\",\"breadcrumb\":{\"@id\":\"https:\/\/fbmache.fr\/en\/#breadcrumb\"},\"inLanguage\":\"en-US\",\"potentialAction\":[{\"@type\":\"ReadAction\",\"target\":[\"https:\/\/fbmache.fr\/en\/\"]}]},{\"@type\":\"BreadcrumbList\",\"@id\":\"https:\/\/fbmache.fr\/en\/#breadcrumb\",\"itemListElement\":[{\"@type\":\"ListItem\",\"position\":1,\"name\":\"Accueil\",\"item\":\"https:\/\/fbmache.fr\/en\/\"},{\"@type\":\"ListItem\",\"position\":2,\"name\":\"Home\"}]},{\"@type\":\"WebSite\",\"@id\":\"https:\/\/fbmache.fr\/#website\",\"url\":\"https:\/\/fbmache.fr\/\",\"name\":\"Fran\u00e7ois-Bernard M\u00e2che - site officiel du compositeur de musique contemporaine\",\"description\":\"\",\"publisher\":{\"@id\":\"https:\/\/fbmache.fr\/#\/schema\/person\/68ee9f72b8511e7d85ca0647a8eafb3b\"},\"alternateName\":\"Site officiel de Fran\u00e7ois-Bernard M\u00e2che, compositeur de musique contemporaine\",\"potentialAction\":[{\"@type\":\"SearchAction\",\"target\":{\"@type\":\"EntryPoint\",\"urlTemplate\":\"https:\/\/fbmache.fr\/?s={search_term_string}\"},\"query-input\":\"required name=search_term_string\"}],\"inLanguage\":\"en-US\"},{\"@type\":[\"Person\",\"Organization\"],\"@id\":\"https:\/\/fbmache.fr\/#\/schema\/person\/68ee9f72b8511e7d85ca0647a8eafb3b\",\"name\":\"Fran\u00e7ois-Bernard M\u00e2che\",\"image\":{\"@type\":\"ImageObject\",\"inLanguage\":\"en-US\",\"@id\":\"https:\/\/fbmache.fr\/#\/schema\/person\/image\/\",\"url\":\"https:\/\/fbmache.fr\/wp-content\/uploads\/2023\/07\/fbm-logo.png\",\"contentUrl\":\"https:\/\/fbmache.fr\/wp-content\/uploads\/2023\/07\/fbm-logo.png\",\"width\":173,\"height\":80,\"caption\":\"Fran\u00e7ois-Bernard M\u00e2che\"},\"logo\":{\"@id\":\"https:\/\/fbmache.fr\/#\/schema\/person\/image\/\"}}]}<\/script>\n<!-- \/ Yoast SEO plugin. -->","yoast_head_json":{"title":"Home - Fran\u00e7ois-Bernard M\u00e2che","description":"This site proposes a vast and partly unpublished documentation about hte French composer Fran\u00e7ois-Bernard M\u00e2che.","robots":{"index":"index","follow":"follow","max-snippet":"max-snippet:-1","max-image-preview":"max-image-preview:large","max-video-preview":"max-video-preview:-1"},"canonical":"https:\/\/fbmache.fr\/en\/","og_locale":"en_US","og_type":"article","og_title":"Home - Fran\u00e7ois-Bernard M\u00e2che","og_description":"This site proposes a vast and partly unpublished documentation about hte French composer Fran\u00e7ois-Bernard M\u00e2che.","og_url":"https:\/\/fbmache.fr\/en\/","og_site_name":"Fran\u00e7ois-Bernard M\u00e2che","article_modified_time":"2023-12-27T12:53:00+00:00","twitter_card":"summary_large_image","schema":{"@context":"https:\/\/schema.org","@graph":[{"@type":"WebPage","@id":"https:\/\/fbmache.fr\/en\/","url":"https:\/\/fbmache.fr\/en\/","name":"Home - Fran\u00e7ois-Bernard M\u00e2che","isPartOf":{"@id":"https:\/\/fbmache.fr\/#website"},"datePublished":"2017-02-16T08:13:19+00:00","dateModified":"2023-12-27T12:53:00+00:00","description":"This site proposes a vast and partly unpublished documentation about hte French composer Fran\u00e7ois-Bernard M\u00e2che.","breadcrumb":{"@id":"https:\/\/fbmache.fr\/en\/#breadcrumb"},"inLanguage":"en-US","potentialAction":[{"@type":"ReadAction","target":["https:\/\/fbmache.fr\/en\/"]}]},{"@type":"BreadcrumbList","@id":"https:\/\/fbmache.fr\/en\/#breadcrumb","itemListElement":[{"@type":"ListItem","position":1,"name":"Accueil","item":"https:\/\/fbmache.fr\/en\/"},{"@type":"ListItem","position":2,"name":"Home"}]},{"@type":"WebSite","@id":"https:\/\/fbmache.fr\/#website","url":"https:\/\/fbmache.fr\/","name":"Fran\u00e7ois-Bernard M\u00e2che - site officiel du compositeur de musique contemporaine","description":"","publisher":{"@id":"https:\/\/fbmache.fr\/#\/schema\/person\/68ee9f72b8511e7d85ca0647a8eafb3b"},"alternateName":"Site officiel de Fran\u00e7ois-Bernard M\u00e2che, compositeur de musique contemporaine","potentialAction":[{"@type":"SearchAction","target":{"@type":"EntryPoint","urlTemplate":"https:\/\/fbmache.fr\/?s={search_term_string}"},"query-input":"required name=search_term_string"}],"inLanguage":"en-US"},{"@type":["Person","Organization"],"@id":"https:\/\/fbmache.fr\/#\/schema\/person\/68ee9f72b8511e7d85ca0647a8eafb3b","name":"Fran\u00e7ois-Bernard M\u00e2che","image":{"@type":"ImageObject","inLanguage":"en-US","@id":"https:\/\/fbmache.fr\/#\/schema\/person\/image\/","url":"https:\/\/fbmache.fr\/wp-content\/uploads\/2023\/07\/fbm-logo.png","contentUrl":"https:\/\/fbmache.fr\/wp-content\/uploads\/2023\/07\/fbm-logo.png","width":173,"height":80,"caption":"Fran\u00e7ois-Bernard M\u00e2che"},"logo":{"@id":"https:\/\/fbmache.fr\/#\/schema\/person\/image\/"}}]}},"_links":{"self":[{"href":"https:\/\/fbmache.fr\/en\/wp-json\/wp\/v2\/pages\/28906","targetHints":{"allow":["GET"]}}],"collection":[{"href":"https:\/\/fbmache.fr\/en\/wp-json\/wp\/v2\/pages"}],"about":[{"href":"https:\/\/fbmache.fr\/en\/wp-json\/wp\/v2\/types\/page"}],"author":[{"embeddable":true,"href":"https:\/\/fbmache.fr\/en\/wp-json\/wp\/v2\/users\/1"}],"replies":[{"embeddable":true,"href":"https:\/\/fbmache.fr\/en\/wp-json\/wp\/v2\/comments?post=28906"}],"version-history":[{"count":5,"href":"https:\/\/fbmache.fr\/en\/wp-json\/wp\/v2\/pages\/28906\/revisions"}],"predecessor-version":[{"id":34595,"href":"https:\/\/fbmache.fr\/en\/wp-json\/wp\/v2\/pages\/28906\/revisions\/34595"}],"wp:attachment":[{"href":"https:\/\/fbmache.fr\/en\/wp-json\/wp\/v2\/media?parent=28906"}],"curies":[{"name":"wp","href":"https:\/\/api.w.org\/{rel}","templated":true}]}}